{"id":83,"date":"2018-02-17T11:51:47","date_gmt":"2018-02-17T10:51:47","guid":{"rendered":"http:\/\/fibredigitale.fr\/?page_id=83"},"modified":"2018-05-16T20:59:03","modified_gmt":"2018-05-16T18:59:03","slug":"autres-experiences","status":"publish","type":"page","link":"https:\/\/fibredigitale.fr\/?page_id=83","title":{"rendered":"Autres Exp\u00e9riences"},"content":{"rendered":"<p><img decoding=\"async\" class=\"alignnone size-full wp-image-198\" src=\"https:\/\/fibredigitale.fr\/wp-content\/uploads\/2018\/05\/cv-passion-informatiquetest6_HTML5-Canvas.gif\" alt=\"\" \/><\/p>\n<p><strong>2008 &#8211; 2009 :\u00a0<\/strong><br \/>\n<em>Gestionnaire client ADV sur ERP SAP (relations clients, commandes, logistiques, facturation, qualit\u00e9) \u00a0 <\/em><em><img loading=\"lazy\" decoding=\"async\" class=\"size-full wp-image-183 alignright\" src=\"https:\/\/fibredigitale.fr\/wp-content\/uploads\/2018\/02\/orangina.jpg\" alt=\"\" width=\"150\" height=\"43\" \/><\/em><\/p>\n<p style=\"text-align: right;\"><strong>\u00a0<\/strong><\/p>\n<hr \/>\n<p><strong>2006 \u00e0 2007\u00a0 :<\/strong><br \/>\n<em>Agent immobilier (ventes &amp; n\u00e9gociations de biens immobiliers, financement)\u00a0 <\/em><em><img loading=\"lazy\" decoding=\"async\" class=\"size-full wp-image-182 alignnone alignright\" src=\"https:\/\/fibredigitale.fr\/wp-content\/uploads\/2018\/02\/logopublicimmo.gif\" alt=\"\" width=\"120\" height=\"74\" \/><\/em><\/p>\n<p>&nbsp;<\/p>\n<p style=\"text-align: right;\"><strong>\u00a0<\/strong><\/p>\n<hr \/>\n<p><strong>2005 :<\/strong><br \/>\n<em>Cr\u00e9ation boutique en ligne en solutions informatiques protection vie priv\u00e9e\/services newsgroups<\/em><img loading=\"lazy\" decoding=\"async\" class=\"size-full wp-image-171 alignright\" src=\"https:\/\/fibredigitale.fr\/wp-content\/uploads\/2018\/02\/econf.jpg\" alt=\"\" width=\"182\" height=\"48\" \/><\/p>\n<p style=\"text-align: right;\"><strong>\u00a0<\/strong><\/p>\n<hr \/>\n<p><strong>2004 :<\/strong><br \/>\n<em>Commercial en solutions informatiques de gestion (facturation, comptabilit\u00e9, paie, GRC, GED) en B to B \u00a0<\/em><strong><em>\u00a0<\/em><br \/>\n<\/strong><\/p>\n<p style=\"text-align: right;\"><strong><img loading=\"lazy\" decoding=\"async\" class=\"alignnone size-full wp-image-184\" src=\"https:\/\/fibredigitale.fr\/wp-content\/uploads\/2018\/02\/azur.jpg\" alt=\"\" width=\"171\" height=\"116\" \/><\/strong><\/p>\n<hr \/>\n<p><strong>2003 :<br \/>\n<\/strong> <em>Gestionnaire clients Portefeuille Arm\u00e9e\/Education nationale (suivi &amp; gestion clients, saisie commande, facturation, comptabilit\u00e9, Relance impay\u00e9s, contentieux) <\/em><\/p>\n<p style=\"text-align: right;\"><strong><img loading=\"lazy\" decoding=\"async\" class=\"alignnone size-full wp-image-183\" src=\"https:\/\/fibredigitale.fr\/wp-content\/uploads\/2018\/02\/orangina.jpg\" alt=\"\" width=\"150\" height=\"43\" \/><\/strong><\/p>\n<hr \/>\n<p><strong>2000 \u00e0 2002 :<\/strong><br \/>\nAgent commercial bancaire qualifi\u00e9 (vente produits financiers, assurance cr\u00e9dit conso)<\/p>\n<p style=\"text-align: right;\"><img loading=\"lazy\" decoding=\"async\" class=\"alignnone size-full wp-image-172\" src=\"https:\/\/fibredigitale.fr\/wp-content\/uploads\/2018\/02\/experi1.gif\" alt=\"\" width=\"157\" height=\"36\" \/><\/p>\n<hr \/>\n<p><strong>1999 \u00e0 2000 :<br \/>\n<\/strong><em>Technico commercial informatique en grande distribution\/GSS sur 15 d\u00e9partements Force de vente externalis\u00e9e SONY VAIO\/LEXMARK\u00a0: gestion merchandising, formation technique vendeurs, n\u00e9gociation stock\/emplacement, Montage Op\u00e9rations commerciales \/ Recrutement animateurs\u00a0\u00a0 <\/em><\/p>\n<p style=\"text-align: right;\"><img loading=\"lazy\" decoding=\"async\" class=\"alignnone size-medium wp-image-177\" src=\"https:\/\/fibredigitale.fr\/wp-content\/uploads\/2018\/02\/Image4-300x92.gif\" alt=\"\" width=\"300\" height=\"92\" srcset=\"https:\/\/fibredigitale.fr\/wp-content\/uploads\/2018\/02\/Image4-300x92.gif 300w, https:\/\/fibredigitale.fr\/wp-content\/uploads\/2018\/02\/Image4-230x70.gif 230w, https:\/\/fibredigitale.fr\/wp-content\/uploads\/2018\/02\/Image4-350x107.gif 350w, https:\/\/fibredigitale.fr\/wp-content\/uploads\/2018\/02\/Image4-480x147.gif 480w\" sizes=\"auto, (max-width: 300px) 85vw, 300px\" \/><\/p>\n<hr \/>\n<p><strong>1999 :<br \/>\n<\/strong><em>Assistant Service production si\u00e8ge (\u00e9changes fonds inter Banque Populaire)<br \/>\n<\/em><\/p>\n<p style=\"text-align: right;\"><img loading=\"lazy\" decoding=\"async\" class=\"alignnone size-full wp-image-179\" src=\"https:\/\/fibredigitale.fr\/wp-content\/uploads\/2018\/02\/Image9.gif\" alt=\"\" width=\"80\" height=\"75\" \/><\/p>\n<hr \/>\n<p><strong>1999 :<br \/>\n<\/strong><em>D\u00e9marchage t\u00e9l\u00e9phonique\u00a0 aupr\u00e8s de distributeurs (tabacs, presse)\u00a0 pour distribution produits de la marque A t\u00e9l\u00e9com<br \/>\nV<\/em><em>ente en r\u00e9ception d&rsquo;appels <\/em><em>de service de t\u00e9l\u00e9phonie Fixe<br \/>\n<\/em><\/p>\n<p style=\"text-align: right;\"><strong><img loading=\"lazy\" decoding=\"async\" class=\"alignnone size-full wp-image-173\" src=\"https:\/\/fibredigitale.fr\/wp-content\/uploads\/2018\/02\/experi2.gif\" alt=\"\" width=\"87\" height=\"85\" \/><\/strong><\/p>\n<hr \/>\n<p><strong>1998 :<br \/>\n<\/strong><em>T\u00e9l\u00e9-conseiller financier\u00a0en centre d\u2019appel pour groupe CIC &amp; LA POSTE. (Gestion des autorisations bancaires)<\/em><\/p>\n<p style=\"text-align: right;\"><strong><img loading=\"lazy\" decoding=\"async\" class=\"alignnone size-full wp-image-175\" src=\"https:\/\/fibredigitale.fr\/wp-content\/uploads\/2018\/02\/experian.gif\" alt=\"\" width=\"197\" height=\"69\" \/><\/strong><\/p>\n<hr \/>\n<p><strong>1998 :<br \/>\n<\/strong><em>Assistant commercial\u00a0 pour client\u00e8le professionnelle du b\u00e2timent \u00a0 (logistique du parc location de grues et camions)<\/em><\/p>\n<p style=\"text-align: right;\"><strong><img loading=\"lazy\" decoding=\"async\" class=\"alignnone size-full wp-image-174\" src=\"https:\/\/fibredigitale.fr\/wp-content\/uploads\/2018\/02\/experi3.gif\" alt=\"\" width=\"265\" height=\"42\" \/><\/strong><\/p>\n<hr \/>\n<p><strong>1998 :<br \/>\n<\/strong><em>Conseiller commercial senior r\u00e9seau cabl\u00e9 (vente aux particuliers en porte \u00e0 porte de la TV c\u00e2bl\u00e9e) &#8211; <\/em><\/p>\n<p style=\"text-align: right;\"><strong><img loading=\"lazy\" decoding=\"async\" class=\"alignnone size-full wp-image-176\" src=\"https:\/\/fibredigitale.fr\/wp-content\/uploads\/2018\/02\/france-telcom2.gif\" alt=\"\" width=\"153\" height=\"21\" \/><\/strong><\/p>\n<hr \/>\n<p><strong>1997\/1998 :<\/strong><br \/>\n<em>Vendeur en magasin T\u00e9l\u00e9phonie (sfr,bouygues ,ola\/Itin\u00e9ris) ,\u00a0informatique, Hifi\u00a0<\/em><\/p>\n<p style=\"text-align: right;\"><strong><img loading=\"lazy\" decoding=\"async\" class=\"alignnone size-full wp-image-178\" src=\"https:\/\/fibredigitale.fr\/wp-content\/uploads\/2018\/02\/Image5.gif\" alt=\"\" width=\"45\" height=\"45\" \/><\/strong><\/p>\n<hr \/>\n<p><strong>1997 :<br \/>\n<\/strong><em>T\u00e9l\u00e9-conseiller Service Administration des ventes contact distributeur (renseignements, proc\u00e9dures commerciales, Commandes, PLV)<br \/>\n<\/em><em>Animateur des ventes en Grandes Surfaces Sp\u00e9cialis\u00e9es<br \/>\n<\/em><\/p>\n<p style=\"text-align: right;\"><img loading=\"lazy\" decoding=\"async\" class=\"alignnone size-full wp-image-180\" src=\"https:\/\/fibredigitale.fr\/wp-content\/uploads\/2018\/02\/logo_bt.gif\" alt=\"\" width=\"212\" height=\"61\" \/><\/p>\n<hr \/>\n<p>&nbsp;<\/p>\n","protected":false},"excerpt":{"rendered":"<p>2008 &#8211; 2009 :\u00a0 Gestionnaire client ADV sur ERP SAP (relations clients, commandes, logistiques, facturation, qualit\u00e9) \u00a0 \u00a0 2006 \u00e0 2007\u00a0 : Agent immobilier (ventes &amp; n\u00e9gociations de biens immobiliers, financement)\u00a0 &nbsp; \u00a0 2005 : Cr\u00e9ation boutique en ligne en solutions informatiques protection vie priv\u00e9e\/services newsgroups \u00a0 2004 : Commercial en solutions informatiques de gestion &hellip; <a href=\"https:\/\/fibredigitale.fr\/?page_id=83\" class=\"more-link\">Continuer la lecture<span class=\"screen-reader-text\"> de &laquo;&nbsp;Autres Exp\u00e9riences&nbsp;&raquo;<\/span><\/a><\/p>\n","protected":false},"author":1,"featured_media":0,"parent":0,"menu_order":0,"comment_status":"closed","ping_status":"closed","template":"","meta":{"footnotes":""},"class_list":["post-83","page","type-page","status-publish","hentry"],"_links":{"self":[{"href":"https:\/\/fibredigitale.fr\/index.php?rest_route=\/wp\/v2\/pages\/83","targetHints":{"allow":["GET"]}}],"collection":[{"href":"https:\/\/fibredigitale.fr\/index.php?rest_route=\/wp\/v2\/pages"}],"about":[{"href":"https:\/\/fibredigitale.fr\/index.php?rest_route=\/wp\/v2\/types\/page"}],"author":[{"embeddable":true,"href":"https:\/\/fibredigitale.fr\/index.php?rest_route=\/wp\/v2\/users\/1"}],"replies":[{"embeddable":true,"href":"https:\/\/fibredigitale.fr\/index.php?rest_route=%2Fwp%2Fv2%2Fcomments&post=83"}],"version-history":[{"count":9,"href":"https:\/\/fibredigitale.fr\/index.php?rest_route=\/wp\/v2\/pages\/83\/revisions"}],"predecessor-version":[{"id":212,"href":"https:\/\/fibredigitale.fr\/index.php?rest_route=\/wp\/v2\/pages\/83\/revisions\/212"}],"wp:attachment":[{"href":"https:\/\/fibredigitale.fr\/index.php?rest_route=%2Fwp%2Fv2%2Fmedia&parent=83"}],"curies":[{"name":"wp","href":"https:\/\/api.w.org\/{rel}","templated":true}]}}