{"id":8,"date":"2018-02-16T16:13:05","date_gmt":"2018-02-16T15:13:05","guid":{"rendered":"http:\/\/fibredigitale.fr\/?page_id=8"},"modified":"2025-03-03T02:11:59","modified_gmt":"2025-03-03T01:11:59","slug":"a-propos-de","status":"publish","type":"page","link":"https:\/\/fibredigitale.fr\/?page_id=8","title":{"rendered":"Portrait Perso"},"content":{"rendered":"<div class=\"is-root-container is-desktop-preview is-layout-flow wp-block-post-content block-editor-block-list__layout\">\n<div id=\"block-f8afecb4-3e7d-4015-942b-258720e4aa42\" class=\"block-editor-block-list__block wp-block wp-block-freeform\" tabindex=\"0\" role=\"document\" aria-label=\"Bloc\u00a0: Classique\" data-block=\"f8afecb4-3e7d-4015-942b-258720e4aa42\" data-type=\"core\/freeform\" data-title=\"Classique\">\n<div>\n<h3 data-start=\"0\" data-end=\"60\"><strong data-start=\"4\" data-end=\"58\">Un Parcours\u00a0 de vie entre Passion, Engagement et Renouveau<\/strong><\/h3>\n<p data-start=\"62\" data-end=\"492\">Je suis une personne m\u00e9thodique et rigoureuse, avec une forte capacit\u00e9 d&rsquo;analyse et d&rsquo;organisation. J\u2019ai un go\u00fbt prononc\u00e9 pour les <strong data-start=\"203\" data-end=\"229\">nouvelles technologies<\/strong>, notamment l\u2019<strong data-start=\"243\" data-end=\"272\">intelligence artificielle<\/strong>, la <strong data-start=\"277\" data-end=\"290\">domotique<\/strong>. J\u2019accorde une grande importance \u00e0 la <strong data-start=\"364\" data-end=\"377\">pr\u00e9cision<\/strong> et \u00e0 la <strong data-start=\"386\" data-end=\"399\">fiabilit\u00e9<\/strong> des informations, ce qui me permet d\u2019aborder chaque projet avec efficacit\u00e9 et pragmatisme.<\/p>\n<p data-start=\"494\" data-end=\"917\">Je suis \u00e9galement un <strong data-start=\"515\" data-end=\"562\">pratiquant exp\u00e9riment\u00e9 de Wing Chun Kung-Fu<\/strong> depuis plus de dix ans, ce qui m\u2019a inculqu\u00e9 <strong data-start=\"607\" data-end=\"655\">discipline, concentration et ma\u00eetrise de soi<\/strong>. <img loading=\"lazy\" decoding=\"async\" class=\"alignright size-large wp-image-378\" src=\"https:\/\/fibredigitale.fr\/wp-content\/uploads\/2025\/02\/kung-fu-steph-1024x576.jpg\" alt=\"\" width=\"840\" height=\"473\" srcset=\"https:\/\/fibredigitale.fr\/wp-content\/uploads\/2025\/02\/kung-fu-steph-1024x576.jpg 1024w, https:\/\/fibredigitale.fr\/wp-content\/uploads\/2025\/02\/kung-fu-steph-300x169.jpg 300w, https:\/\/fibredigitale.fr\/wp-content\/uploads\/2025\/02\/kung-fu-steph-768x432.jpg 768w, https:\/\/fibredigitale.fr\/wp-content\/uploads\/2025\/02\/kung-fu-steph-1536x864.jpg 1536w, https:\/\/fibredigitale.fr\/wp-content\/uploads\/2025\/02\/kung-fu-steph-1200x675.jpg 1200w, https:\/\/fibredigitale.fr\/wp-content\/uploads\/2025\/02\/kung-fu-steph.jpg 1765w\" sizes=\"auto, (max-width: 709px) 85vw, (max-width: 909px) 67vw, (max-width: 1362px) 62vw, 840px\" \/><\/p>\n<p data-start=\"494\" data-end=\"917\"><img loading=\"lazy\" decoding=\"async\" class=\"wp-image-379 alignright\" src=\"https:\/\/fibredigitale.fr\/wp-content\/uploads\/2025\/02\/steph-piano-1024x768.jpg\" alt=\"\" width=\"211\" height=\"158\" srcset=\"https:\/\/fibredigitale.fr\/wp-content\/uploads\/2025\/02\/steph-piano-1024x768.jpg 1024w, https:\/\/fibredigitale.fr\/wp-content\/uploads\/2025\/02\/steph-piano-300x225.jpg 300w, https:\/\/fibredigitale.fr\/wp-content\/uploads\/2025\/02\/steph-piano-768x576.jpg 768w, https:\/\/fibredigitale.fr\/wp-content\/uploads\/2025\/02\/steph-piano-1200x900.jpg 1200w, https:\/\/fibredigitale.fr\/wp-content\/uploads\/2025\/02\/steph-piano.jpg 1324w\" sizes=\"auto, (max-width: 211px) 85vw, 211px\" \/>La <strong data-start=\"660\" data-end=\"671\">musique<\/strong> occupe aussi une place importante dans ma vie. Passionn\u00e9 de <strong data-start=\"732\" data-end=\"761\">piano et de synth\u00e9tiseurs<\/strong>, j\u2019aime <strong data-start=\"770\" data-end=\"790\">mixer en amateur<\/strong>, une activit\u00e9 qui me permet d\u2019explorer diff\u00e9rentes sonorit\u00e9s et d\u2019ajouter ma touche personnelle aux morceaux que j\u2019appr\u00e9cie.<\/p>\n<p data-start=\"494\" data-end=\"917\"><img loading=\"lazy\" decoding=\"async\" class=\"wp-image-381 alignleft\" src=\"https:\/\/fibredigitale.fr\/wp-content\/uploads\/2025\/02\/papa-maman-1024x768.jpg\" alt=\"\" width=\"306\" height=\"230\" srcset=\"https:\/\/fibredigitale.fr\/wp-content\/uploads\/2025\/02\/papa-maman-1024x768.jpg 1024w, https:\/\/fibredigitale.fr\/wp-content\/uploads\/2025\/02\/papa-maman-300x225.jpg 300w, https:\/\/fibredigitale.fr\/wp-content\/uploads\/2025\/02\/papa-maman-768x576.jpg 768w, https:\/\/fibredigitale.fr\/wp-content\/uploads\/2025\/02\/papa-maman-1200x900.jpg 1200w, https:\/\/fibredigitale.fr\/wp-content\/uploads\/2025\/02\/papa-maman.jpg 1324w\" sizes=\"auto, (max-width: 306px) 85vw, 306px\" \/>J\u2019ai toujours accord\u00e9 une grande importance aux <strong data-start=\"967\" data-end=\"986\">liens familiaux<\/strong>. Mes parents se sont occup\u00e9s de moi avec amour et bienveillance, et lorsque le moment est venu, j\u2019ai \u00e9t\u00e9 pr\u00e9sent pour eux avec la m\u00eame attention et le m\u00eame d\u00e9vouement. Cette exp\u00e9rience m\u2019a appris la patience, le sens des responsabilit\u00e9s et la valeur pr\u00e9cieuse du temps partag\u00e9. Aujourd\u2019hui, leur absence a laiss\u00e9 un vide, et je ressens le besoin de <strong data-start=\"1336\" data-end=\"1397\">me reconstruire \u00e0 travers un nouveau projet professionnel<\/strong>, un projet porteur de sens qui me permettra d\u2019avancer avec une \u00e9nergie renouvel\u00e9e.<img loading=\"lazy\" decoding=\"async\" class=\"wp-image-383 alignright\" src=\"https:\/\/fibredigitale.fr\/wp-content\/uploads\/2025\/02\/hatchi-et-moi-1024x768.jpg\" alt=\"\" width=\"305\" height=\"229\" srcset=\"https:\/\/fibredigitale.fr\/wp-content\/uploads\/2025\/02\/hatchi-et-moi-1024x768.jpg 1024w, https:\/\/fibredigitale.fr\/wp-content\/uploads\/2025\/02\/hatchi-et-moi-300x225.jpg 300w, https:\/\/fibredigitale.fr\/wp-content\/uploads\/2025\/02\/hatchi-et-moi-768x576.jpg 768w, https:\/\/fibredigitale.fr\/wp-content\/uploads\/2025\/02\/hatchi-et-moi-1200x900.jpg 1200w, https:\/\/fibredigitale.fr\/wp-content\/uploads\/2025\/02\/hatchi-et-moi.jpg 1324w\" sizes=\"auto, (max-width: 305px) 85vw, 305px\" \/><\/p>\n<p data-start=\"494\" data-end=\"917\">En parall\u00e8le, je suis tr\u00e8s attach\u00e9 \u00e0 la\u00a0<strong data-start=\"1524\" data-end=\"1549\">nature et aux animaux<\/strong>, qui ont toujours occup\u00e9 une place essentielle dans ma vie. J\u2019appr\u00e9cie les\u00a0<strong data-start=\"1625\" data-end=\"1656\">moments pass\u00e9s en ext\u00e9rieur<\/strong>, qui sont pour moi une source d\u2019apaisement et de ressourcement.<\/p>\n<p><img loading=\"lazy\" decoding=\"async\" class=\"alignright size-large wp-image-375\" src=\"https:\/\/fibredigitale.fr\/wp-content\/uploads\/2025\/02\/20240607_203524-1024x461.jpg\" alt=\"\" width=\"840\" height=\"378\" srcset=\"https:\/\/fibredigitale.fr\/wp-content\/uploads\/2025\/02\/20240607_203524-1024x461.jpg 1024w, https:\/\/fibredigitale.fr\/wp-content\/uploads\/2025\/02\/20240607_203524-300x135.jpg 300w, https:\/\/fibredigitale.fr\/wp-content\/uploads\/2025\/02\/20240607_203524-768x346.jpg 768w, https:\/\/fibredigitale.fr\/wp-content\/uploads\/2025\/02\/20240607_203524-1536x691.jpg 1536w, https:\/\/fibredigitale.fr\/wp-content\/uploads\/2025\/02\/20240607_203524-2048x921.jpg 2048w, https:\/\/fibredigitale.fr\/wp-content\/uploads\/2025\/02\/20240607_203524-1200x540.jpg 1200w\" sizes=\"auto, (max-width: 709px) 85vw, (max-width: 909px) 67vw, (max-width: 1362px) 62vw, 840px\" \/><\/p>\n<p data-start=\"1724\" data-end=\"2026\">Toujours en qu\u00eate de <strong data-start=\"1745\" data-end=\"1782\">solutions pratiques et innovantes<\/strong>, je m\u2019int\u00e9resse \u00e0 tout ce qui peut am\u00e9liorer le quotidien, que ce soit en mati\u00e8re de <strong data-start=\"1868\" data-end=\"1880\">s\u00e9curit\u00e9<\/strong>, de <strong data-start=\"1885\" data-end=\"1908\">gestion \u00e9nerg\u00e9tique<\/strong> ou d\u2019<strong data-start=\"1914\" data-end=\"1930\">organisation<\/strong>. Mon approche repose sur une r\u00e9flexion approfondie et une recherche constante d\u2019am\u00e9lioration.<\/p>\n<p data-start=\"2028\" data-end=\"2209\" data-is-last-node=\"\">Je suis une personne <strong data-start=\"2049\" data-end=\"2100\">autonome, pers\u00e9v\u00e9rante et tourn\u00e9e vers l\u2019avenir<\/strong>, avec une volont\u00e9 forte de <strong data-start=\"2128\" data-end=\"2159\">trouver un nouvel \u00e9quilibre<\/strong>, en alliant <strong data-start=\"2172\" data-end=\"2208\">passion, engagement et renouveau<\/strong>.<\/p>\n<p data-start=\"2028\" data-end=\"2209\" data-is-last-node=\"\">De mani\u00e8re plus originale, me connaitre \u00e0 travers :<\/p>\n<\/div>\n<ul>\n<li>Mes sites favoris :\n<ul>\n<li><a href=\"https:\/\/www.01net.com\/\">01net\u00a0<\/a><\/li>\n<li><a href=\"https:\/\/www.zdnet.fr\/\">zdnet<\/a><\/li>\n<li><a href=\"https:\/\/www.presse-citron.net\/\">Presse citron<\/a><\/li>\n<li><a href=\"https:\/\/www.zataz.com\/\">Zataz<\/a><\/li>\n<li><a href=\"https:\/\/community.jeedom.com\/\">Jeedom<\/a><\/li>\n<li><a href=\"https:\/\/www.orange.com\/fr\/newsroom\/actualites\">Newsroom Orange<\/a><\/li>\n<li><a href=\"https:\/\/www.dealabs.com\/\">Dealabs<\/a><\/li>\n<\/ul>\n<\/li>\n<li>Quelques chaines youtubes que je suis :\n<ul>\n<li><a href=\"https:\/\/www.youtube.com\/@Micode\">MiCode<\/a><\/li>\n<li><a href=\"https:\/\/www.youtube.com\/@GLGreviews\">GLG<\/a><\/li>\n<li><a href=\"https:\/\/www.youtube.com\/@Nowtech\">Nowtech<\/a><\/li>\n<li><a href=\"https:\/\/www.youtube.com\/@01net\">01net<\/a><\/li>\n<li><a href=\"https:\/\/www.youtube.com\/@RomainLan%C3%A9ry\">Romain Lanery<\/a><\/li>\n<li><a href=\"https:\/\/www.youtube.com\/@EspritDog\">EspritDog<\/a><\/li>\n<\/ul>\n<\/li>\n<\/ul>\n<ul>\n<li>Mes Applications favorites\n<ul>\n<li data-start=\"2028\" data-end=\"2209\">S\u00e9curit\u00e9 et vie priv\u00e9e :\n<ul>\n<li data-start=\"2028\" data-end=\"2209\"><a href=\"https:\/\/signal.org\/fr\/\">Signal<\/a>, <a href=\"https:\/\/play.google.com\/store\/apps\/details?id=io.olvid.messenger&amp;pcampaignid=web_share\">Olvid<\/a><\/li>\n<li data-start=\"2028\" data-end=\"2209\"><a href=\"https:\/\/play.google.com\/store\/apps\/details?id=com.duckduckgo.mobile.android&amp;hl=fr&amp;pli=1\">Duckduckgo<\/a>, <a href=\"https:\/\/play.google.com\/store\/apps\/details?id=com.opera.browser&amp;pcampaignid=web_share\">Opera<\/a>, <a href=\"https:\/\/play.google.com\/store\/apps\/details?id=com.brave.browser&amp;pcampaignid=web_share\">Brave<\/a><\/li>\n<\/ul>\n<\/li>\n<li data-start=\"2028\" data-end=\"2209\">Nourriture, Sant\u00e9 et bien \u00eatre :\n<ul>\n<li data-start=\"2028\" data-end=\"2209\"><a href=\"https:\/\/yuka.io\/\">Yuka<\/a><\/li>\n<li data-start=\"2028\" data-end=\"2209\"><a href=\"https:\/\/play.google.com\/store\/apps\/details?id=fr.yumo&amp;pcampaignid=web_share\">Yumo<\/a><\/li>\n<li data-start=\"2028\" data-end=\"2209\"><a href=\"https:\/\/play.google.com\/store\/apps\/details?id=com.aufeminin.marmiton.activities&amp;pcampaignid=web_share\">Marmiton<\/a>, <a href=\"https:\/\/play.google.com\/store\/apps\/details?id=com.wishop.dev.jow&amp;pcampaignid=web_share\">Jow<\/a>,\u00a0<\/li>\n<li data-start=\"2028\" data-end=\"2209\"><a href=\"https:\/\/play.google.com\/store\/apps\/details?id=com.petitbambou&amp;pcampaignid=web_share\">Petit Bambou,\u00a0<\/a><a href=\"https:\/\/play.google.com\/store\/apps\/details?id=nl.deckeron.apps.innerfire&amp;pcampaignid=web_share\">Methode Wim Hof<\/a><\/li>\n<\/ul>\n<\/li>\n<li data-start=\"2028\" data-end=\"2209\">Les sorties\n<ul>\n<li data-start=\"2028\" data-end=\"2209\"><a href=\"https:\/\/play.google.com\/store\/apps\/details?id=com.lafourchette.lafourchette&amp;pcampaignid=web_share\">The fork<\/a><\/li>\n<li data-start=\"2028\" data-end=\"2209\"><a href=\"https:\/\/play.google.com\/store\/apps\/details?id=org.visorando.android&amp;pcampaignid=web_share\">Visorando<\/a>, <a href=\"https:\/\/play.google.com\/store\/apps\/details?id=com.wikiloc.wikilocandroid&amp;pcampaignid=web_share\">Wikiloc<\/a><\/li>\n<\/ul>\n<\/li>\n<li data-start=\"2028\" data-end=\"2209\">Maison et bricolage\n<ul>\n<li data-start=\"2028\" data-end=\"2209\"><a href=\"https:\/\/play.google.com\/store\/apps\/details?id=com.kozikaza.mobile&amp;pcampaignid=web_share\">Kozikaza<\/a><\/li>\n<\/ul>\n<\/li>\n<li data-start=\"2028\" data-end=\"2209\">Musique\n<ul>\n<li data-start=\"2028\" data-end=\"2209\"><a href=\"https:\/\/play.google.com\/store\/apps\/details?id=com.musescore.playerlite&amp;pcampaignid=web_share\">Musescore<\/a><\/li>\n<li data-start=\"2028\" data-end=\"2209\"><a href=\"https:\/\/play.google.com\/store\/apps\/details?id=com.pioneerdj.rekordbox&amp;pcampaignid=web_share\">Rekordbox<\/a>,\u00a0<a href=\"https:\/\/play.google.com\/store\/apps\/details?id=com.edjing.edjingdjturntable&amp;pcampaignid=web_share\">edjing<\/a><\/li>\n<li data-start=\"2028\" data-end=\"2209\"><a href=\"https:\/\/play.google.com\/store\/apps\/details?id=com.smule.singandroid&amp;pcampaignid=web_share\">smule<\/a><\/li>\n<\/ul>\n<\/li>\n<li data-start=\"2028\" data-end=\"2209\">Applications pratiques\n<ul>\n<li data-start=\"2028\" data-end=\"2209\"><a href=\"https:\/\/play.google.com\/store\/apps\/details?id=com.modelmakertools.simplemindfree&amp;pcampaignid=web_share\">Simple Mind<\/a><\/li>\n<li data-start=\"2028\" data-end=\"2209\"><a href=\"https:\/\/play.google.com\/store\/apps\/details?id=com.tribab.tricount.android&amp;pcampaignid=web_share\">Tricount<\/a><\/li>\n<\/ul>\n<\/li>\n<\/ul>\n<\/li>\n<\/ul>\n<\/div>\n<\/div>\n<p><!--more--><\/p>\n<p><!--more--><\/p>\n<p><!--more--><\/p>\n<p style=\"text-align: center;\">\u00a9 St\u00e9phane SABELLA<\/p>\n\n\n<p><\/p>\n","protected":false},"excerpt":{"rendered":"<p>Un Parcours\u00a0 de vie entre Passion, Engagement et Renouveau Je suis une personne m\u00e9thodique et rigoureuse, avec une forte capacit\u00e9 d&rsquo;analyse et d&rsquo;organisation. J\u2019ai un go\u00fbt prononc\u00e9 pour les nouvelles technologies, notamment l\u2019intelligence artificielle, la domotique. J\u2019accorde une grande importance \u00e0 la pr\u00e9cision et \u00e0 la fiabilit\u00e9 des informations, ce qui me permet d\u2019aborder chaque &hellip; <a href=\"https:\/\/fibredigitale.fr\/?page_id=8\" class=\"more-link\">Continuer la lecture<span class=\"screen-reader-text\"> de &laquo;&nbsp;Portrait Perso&nbsp;&raquo;<\/span><\/a><\/p>\n","protected":false},"author":1,"featured_media":0,"parent":0,"menu_order":0,"comment_status":"closed","ping_status":"closed","template":"","meta":{"footnotes":""},"class_list":["post-8","page","type-page","status-publish","hentry"],"_links":{"self":[{"href":"https:\/\/fibredigitale.fr\/index.php?rest_route=\/wp\/v2\/pages\/8","targetHints":{"allow":["GET"]}}],"collection":[{"href":"https:\/\/fibredigitale.fr\/index.php?rest_route=\/wp\/v2\/pages"}],"about":[{"href":"https:\/\/fibredigitale.fr\/index.php?rest_route=\/wp\/v2\/types\/page"}],"author":[{"embeddable":true,"href":"https:\/\/fibredigitale.fr\/index.php?rest_route=\/wp\/v2\/users\/1"}],"replies":[{"embeddable":true,"href":"https:\/\/fibredigitale.fr\/index.php?rest_route=%2Fwp%2Fv2%2Fcomments&post=8"}],"version-history":[{"count":43,"href":"https:\/\/fibredigitale.fr\/index.php?rest_route=\/wp\/v2\/pages\/8\/revisions"}],"predecessor-version":[{"id":490,"href":"https:\/\/fibredigitale.fr\/index.php?rest_route=\/wp\/v2\/pages\/8\/revisions\/490"}],"wp:attachment":[{"href":"https:\/\/fibredigitale.fr\/index.php?rest_route=%2Fwp%2Fv2%2Fmedia&parent=8"}],"curies":[{"name":"wp","href":"https:\/\/api.w.org\/{rel}","templated":true}]}}